{"id":11,"date":"2020-03-04T14:49:10","date_gmt":"2020-03-04T14:49:10","guid":{"rendered":"https:\/\/www.secondcuts.ch\/?page_id=11"},"modified":"2020-11-05T10:33:28","modified_gmt":"2020-11-05T09:33:28","slug":"ueber-uns","status":"publish","type":"page","link":"https:\/\/www.secondcuts.ch\/?page_id=11","title":{"rendered":"\u00dcber mich"},"content":{"rendered":"\n<p>Nach einem intensiven Arbeitsleben in der IT-Branche kehre ich nun zur\u00fcck zu \u00abmeinen Wurzeln\u00bb. <\/p>\n\n\n\n<p>Meine Familie hat von 1872 bis 1994 erfolgreich eine Metzgerei im Herzen von Bern gef\u00fchrt. Ich habe anfangs der 1980er Jahre eine Lehre als Metzger Typ B abgeschlossen. Von Kindsbeinen an habe ich das Metzgerei-Gewerbe hautnah miterleben d\u00fcrfen. Die vielen Erfahrungen haben mich nachhaltig gepr\u00e4gt. Meine Eltern haben mir und meinen Br\u00fcdern von klein an ein tiefes Verst\u00e4ndnis und einen grossen Respekt f\u00fcr die Vertreter der Lebensmittelbranche vermittelt.<\/p>\n\n\n\n<p>Durch die Kochk\u00fcnste meiner Mutter habe ich auch den Zugang zum Kochen und Zubereiten von schmackhaften Mahlzeiten gefunden.<\/p>\n\n\n\n<figure class=\"wp-block-image size-large\"><img decoding=\"async\" loading=\"lazy\" width=\"1024\" height=\"768\" src=\"https:\/\/www.secondcuts.ch\/wp-content\/uploads\/2020\/11\/IMG_9934-1024x768.jpeg\" alt=\"\" class=\"wp-image-77\" srcset=\"https:\/\/www.secondcuts.ch\/wp-content\/uploads\/2020\/11\/IMG_9934-1024x768.jpeg 1024w, https:\/\/www.secondcuts.ch\/wp-content\/uploads\/2020\/11\/IMG_9934-300x225.jpeg 300w, https:\/\/www.secondcuts.ch\/wp-content\/uploads\/2020\/11\/IMG_9934-768x576.jpeg 768w, https:\/\/www.secondcuts.ch\/wp-content\/uploads\/2020\/11\/IMG_9934-1536x1152.jpeg 1536w, https:\/\/www.secondcuts.ch\/wp-content\/uploads\/2020\/11\/IMG_9934-2048x1536.jpeg 2048w\" sizes=\"(max-width: 767px) 89vw, (max-width: 1000px) 54vw, (max-width: 1071px) 543px, 580px\" \/><figcaption>Ossibuchi<\/figcaption><\/figure>\n","protected":false},"excerpt":{"rendered":"<p>Nach einem intensiven Arbeitsleben in der IT-Branche kehre ich nun zur\u00fcck zu \u00abmeinen Wurzeln\u00bb. Meine Familie hat von 1872 bis 1994 erfolgreich eine Metzgerei im Herzen von Bern gef\u00fchrt. Ich habe anfangs der 1980er Jahre eine Lehre als Metzger Typ B abgeschlossen. Von Kindsbeinen an habe ich das Metzgerei-Gewerbe hautnah miterleben d\u00fcrfen. Die vielen Erfahrungen &hellip; <\/p>\n<p class=\"link-more\"><a href=\"https:\/\/www.secondcuts.ch\/?page_id=11\" class=\"more-link\"><span class=\"screen-reader-text\">&#171;\u00dcber mich&#187;<\/span> weiterlesen<\/a><\/p>\n","protected":false},"author":1,"featured_media":0,"parent":0,"menu_order":0,"comment_status":"closed","ping_status":"closed","template":"","meta":[],"yoast_head":"<!-- This site is optimized with the Yoast SEO plugin v21.8.1 - https:\/\/yoast.com\/wordpress\/plugins\/seo\/ -->\n<title>\u00dcber mich - Second Cuts Switzerland<\/title>\n<meta name=\"robots\" content=\"index, follow, max-snippet:-1, max-image-preview:large, max-video-preview:-1\" \/>\n<link rel=\"canonical\" href=\"https:\/\/www.secondcuts.ch\/?page_id=11\" \/>\n<meta property=\"og:locale\" content=\"de_DE\" \/>\n<meta property=\"og:type\" content=\"article\" \/>\n<meta property=\"og:title\" content=\"\u00dcber mich - Second Cuts Switzerland\" \/>\n<meta property=\"og:description\" content=\"Nach einem intensiven Arbeitsleben in der IT-Branche kehre ich nun zur\u00fcck zu \u00abmeinen Wurzeln\u00bb. Meine Familie hat von 1872 bis 1994 erfolgreich eine Metzgerei im Herzen von Bern gef\u00fchrt. Ich habe anfangs der 1980er Jahre eine Lehre als Metzger Typ B abgeschlossen. Von Kindsbeinen an habe ich das Metzgerei-Gewerbe hautnah miterleben d\u00fcrfen. Die vielen Erfahrungen &hellip; &quot;\u00dcber mich&quot; weiterlesen\" \/>\n<meta property=\"og:url\" content=\"https:\/\/www.secondcuts.ch\/?page_id=11\" \/>\n<meta property=\"og:site_name\" content=\"Second Cuts Switzerland\" \/>\n<meta property=\"article:modified_time\" content=\"2020-11-05T09:33:28+00:00\" \/>\n<meta property=\"og:image\" content=\"https:\/\/www.secondcuts.ch\/wp-content\/uploads\/2020\/11\/IMG_9934-1024x768.jpeg\" \/>\n<meta name=\"twitter:card\" content=\"summary_large_image\" \/>\n<meta name=\"twitter:label1\" content=\"Gesch\u00e4tzte Lesezeit\" \/>\n\t<meta name=\"twitter:data1\" content=\"1 Minute\" \/>\n<script type=\"application\/ld+json\" class=\"yoast-schema-graph\">{\"@context\":\"https:\/\/schema.org\",\"@graph\":[{\"@type\":\"WebPage\",\"@id\":\"https:\/\/www.secondcuts.ch\/?page_id=11\",\"url\":\"https:\/\/www.secondcuts.ch\/?page_id=11\",\"name\":\"\u00dcber mich - Second Cuts Switzerland\",\"isPartOf\":{\"@id\":\"https:\/\/www.secondcuts.ch\/#website\"},\"datePublished\":\"2020-03-04T14:49:10+00:00\",\"dateModified\":\"2020-11-05T09:33:28+00:00\",\"breadcrumb\":{\"@id\":\"https:\/\/www.secondcuts.ch\/?page_id=11#breadcrumb\"},\"inLanguage\":\"de-CH\",\"potentialAction\":[{\"@type\":\"ReadAction\",\"target\":[\"https:\/\/www.secondcuts.ch\/?page_id=11\"]}]},{\"@type\":\"BreadcrumbList\",\"@id\":\"https:\/\/www.secondcuts.ch\/?page_id=11#breadcrumb\",\"itemListElement\":[{\"@type\":\"ListItem\",\"position\":1,\"name\":\"Home\",\"item\":\"https:\/\/www.secondcuts.ch\/\"},{\"@type\":\"ListItem\",\"position\":2,\"name\":\"\u00dcber mich\"}]},{\"@type\":\"WebSite\",\"@id\":\"https:\/\/www.secondcuts.ch\/#website\",\"url\":\"https:\/\/www.secondcuts.ch\/\",\"name\":\"Second Cuts Switzerland\",\"description\":\"Lass dich \u00fcberraschen\",\"publisher\":{\"@id\":\"https:\/\/www.secondcuts.ch\/#organization\"},\"potentialAction\":[{\"@type\":\"SearchAction\",\"target\":{\"@type\":\"EntryPoint\",\"urlTemplate\":\"https:\/\/www.secondcuts.ch\/?s={search_term_string}\"},\"query-input\":\"required name=search_term_string\"}],\"inLanguage\":\"de-CH\"},{\"@type\":\"Organization\",\"@id\":\"https:\/\/www.secondcuts.ch\/#organization\",\"name\":\"Second Cuts Switzerland\",\"url\":\"https:\/\/www.secondcuts.ch\/\",\"logo\":{\"@type\":\"ImageObject\",\"inLanguage\":\"de-CH\",\"@id\":\"https:\/\/www.secondcuts.ch\/#\/schema\/logo\/image\/\",\"url\":\"https:\/\/www.secondcuts.ch\/wp-content\/uploads\/2020\/03\/cropped-Richard-Enbleme.png\",\"contentUrl\":\"https:\/\/www.secondcuts.ch\/wp-content\/uploads\/2020\/03\/cropped-Richard-Enbleme.png\",\"width\":250,\"height\":250,\"caption\":\"Second Cuts Switzerland\"},\"image\":{\"@id\":\"https:\/\/www.secondcuts.ch\/#\/schema\/logo\/image\/\"}}]}<\/script>\n<!-- \/ Yoast SEO plugin. -->","yoast_head_json":{"title":"\u00dcber mich - Second Cuts Switzerland","robots":{"index":"index","follow":"follow","max-snippet":"max-snippet:-1","max-image-preview":"max-image-preview:large","max-video-preview":"max-video-preview:-1"},"canonical":"https:\/\/www.secondcuts.ch\/?page_id=11","og_locale":"de_DE","og_type":"article","og_title":"\u00dcber mich - Second Cuts Switzerland","og_description":"Nach einem intensiven Arbeitsleben in der IT-Branche kehre ich nun zur\u00fcck zu \u00abmeinen Wurzeln\u00bb. Meine Familie hat von 1872 bis 1994 erfolgreich eine Metzgerei im Herzen von Bern gef\u00fchrt. Ich habe anfangs der 1980er Jahre eine Lehre als Metzger Typ B abgeschlossen. Von Kindsbeinen an habe ich das Metzgerei-Gewerbe hautnah miterleben d\u00fcrfen. Die vielen Erfahrungen &hellip; \"\u00dcber mich\" weiterlesen","og_url":"https:\/\/www.secondcuts.ch\/?page_id=11","og_site_name":"Second Cuts Switzerland","article_modified_time":"2020-11-05T09:33:28+00:00","og_image":[{"url":"https:\/\/www.secondcuts.ch\/wp-content\/uploads\/2020\/11\/IMG_9934-1024x768.jpeg"}],"twitter_card":"summary_large_image","twitter_misc":{"Gesch\u00e4tzte Lesezeit":"1 Minute"},"schema":{"@context":"https:\/\/schema.org","@graph":[{"@type":"WebPage","@id":"https:\/\/www.secondcuts.ch\/?page_id=11","url":"https:\/\/www.secondcuts.ch\/?page_id=11","name":"\u00dcber mich - Second Cuts Switzerland","isPartOf":{"@id":"https:\/\/www.secondcuts.ch\/#website"},"datePublished":"2020-03-04T14:49:10+00:00","dateModified":"2020-11-05T09:33:28+00:00","breadcrumb":{"@id":"https:\/\/www.secondcuts.ch\/?page_id=11#breadcrumb"},"inLanguage":"de-CH","potentialAction":[{"@type":"ReadAction","target":["https:\/\/www.secondcuts.ch\/?page_id=11"]}]},{"@type":"BreadcrumbList","@id":"https:\/\/www.secondcuts.ch\/?page_id=11#breadcrumb","itemListElement":[{"@type":"ListItem","position":1,"name":"Home","item":"https:\/\/www.secondcuts.ch\/"},{"@type":"ListItem","position":2,"name":"\u00dcber mich"}]},{"@type":"WebSite","@id":"https:\/\/www.secondcuts.ch\/#website","url":"https:\/\/www.secondcuts.ch\/","name":"Second Cuts Switzerland","description":"Lass dich \u00fcberraschen","publisher":{"@id":"https:\/\/www.secondcuts.ch\/#organization"},"potentialAction":[{"@type":"SearchAction","target":{"@type":"EntryPoint","urlTemplate":"https:\/\/www.secondcuts.ch\/?s={search_term_string}"},"query-input":"required name=search_term_string"}],"inLanguage":"de-CH"},{"@type":"Organization","@id":"https:\/\/www.secondcuts.ch\/#organization","name":"Second Cuts Switzerland","url":"https:\/\/www.secondcuts.ch\/","logo":{"@type":"ImageObject","inLanguage":"de-CH","@id":"https:\/\/www.secondcuts.ch\/#\/schema\/logo\/image\/","url":"https:\/\/www.secondcuts.ch\/wp-content\/uploads\/2020\/03\/cropped-Richard-Enbleme.png","contentUrl":"https:\/\/www.secondcuts.ch\/wp-content\/uploads\/2020\/03\/cropped-Richard-Enbleme.png","width":250,"height":250,"caption":"Second Cuts Switzerland"},"image":{"@id":"https:\/\/www.secondcuts.ch\/#\/schema\/logo\/image\/"}}]}},"_links":{"self":[{"href":"https:\/\/www.secondcuts.ch\/index.php?rest_route=\/wp\/v2\/pages\/11"}],"collection":[{"href":"https:\/\/www.secondcuts.ch\/index.php?rest_route=\/wp\/v2\/pages"}],"about":[{"href":"https:\/\/www.secondcuts.ch\/index.php?rest_route=\/wp\/v2\/types\/page"}],"author":[{"embeddable":true,"href":"https:\/\/www.secondcuts.ch\/index.php?rest_route=\/wp\/v2\/users\/1"}],"replies":[{"embeddable":true,"href":"https:\/\/www.secondcuts.ch\/index.php?rest_route=%2Fwp%2Fv2%2Fcomments&post=11"}],"version-history":[{"count":6,"href":"https:\/\/www.secondcuts.ch\/index.php?rest_route=\/wp\/v2\/pages\/11\/revisions"}],"predecessor-version":[{"id":78,"href":"https:\/\/www.secondcuts.ch\/index.php?rest_route=\/wp\/v2\/pages\/11\/revisions\/78"}],"wp:attachment":[{"href":"https:\/\/www.secondcuts.ch\/index.php?rest_route=%2Fwp%2Fv2%2Fmedia&parent=11"}],"curies":[{"name":"wp","href":"https:\/\/api.w.org\/{rel}","templated":true}]}}