{"id":12,"date":"2020-03-04T14:49:10","date_gmt":"2020-03-04T14:49:10","guid":{"rendered":"https:\/\/www.secondcuts.ch\/?page_id=12"},"modified":"2020-11-05T10:25:22","modified_gmt":"2020-11-05T09:25:22","slug":"kontakt","status":"publish","type":"page","link":"https:\/\/www.secondcuts.ch\/?page_id=12","title":{"rendered":"Kontakt"},"content":{"rendered":"\n<p>Es w\u00fcrde mich freuen von Dir zu h\u00f6ren. Am besten \u00fcber den E-Mail-Link.<\/p>\n","protected":false},"excerpt":{"rendered":"<p>Es w\u00fcrde mich freuen von Dir zu h\u00f6ren. Am besten \u00fcber den E-Mail-Link.<\/p>\n","protected":false},"author":1,"featured_media":0,"parent":0,"menu_order":0,"comment_status":"closed","ping_status":"closed","template":"","meta":[],"yoast_head":"<!-- This site is optimized with the Yoast SEO plugin v21.8.1 - https:\/\/yoast.com\/wordpress\/plugins\/seo\/ -->\n<title>Kontakt - Second Cuts Switzerland<\/title>\n<meta name=\"robots\" content=\"index, follow, max-snippet:-1, max-image-preview:large, max-video-preview:-1\" \/>\n<link rel=\"canonical\" href=\"https:\/\/www.secondcuts.ch\/?page_id=12\" \/>\n<meta property=\"og:locale\" content=\"de_DE\" \/>\n<meta property=\"og:type\" content=\"article\" \/>\n<meta property=\"og:title\" content=\"Kontakt - Second Cuts Switzerland\" \/>\n<meta property=\"og:description\" content=\"Es w\u00fcrde mich freuen von Dir zu h\u00f6ren. Am besten \u00fcber den E-Mail-Link.\" \/>\n<meta property=\"og:url\" content=\"https:\/\/www.secondcuts.ch\/?page_id=12\" \/>\n<meta property=\"og:site_name\" content=\"Second Cuts Switzerland\" \/>\n<meta property=\"article:modified_time\" content=\"2020-11-05T09:25:22+00:00\" \/>\n<meta name=\"twitter:card\" content=\"summary_large_image\" \/>\n<script type=\"application\/ld+json\" class=\"yoast-schema-graph\">{\"@context\":\"https:\/\/schema.org\",\"@graph\":[{\"@type\":\"WebPage\",\"@id\":\"https:\/\/www.secondcuts.ch\/?page_id=12\",\"url\":\"https:\/\/www.secondcuts.ch\/?page_id=12\",\"name\":\"Kontakt - Second Cuts Switzerland\",\"isPartOf\":{\"@id\":\"https:\/\/www.secondcuts.ch\/#website\"},\"datePublished\":\"2020-03-04T14:49:10+00:00\",\"dateModified\":\"2020-11-05T09:25:22+00:00\",\"breadcrumb\":{\"@id\":\"https:\/\/www.secondcuts.ch\/?page_id=12#breadcrumb\"},\"inLanguage\":\"de-CH\",\"potentialAction\":[{\"@type\":\"ReadAction\",\"target\":[\"https:\/\/www.secondcuts.ch\/?page_id=12\"]}]},{\"@type\":\"BreadcrumbList\",\"@id\":\"https:\/\/www.secondcuts.ch\/?page_id=12#breadcrumb\",\"itemListElement\":[{\"@type\":\"ListItem\",\"position\":1,\"name\":\"Home\",\"item\":\"https:\/\/www.secondcuts.ch\/\"},{\"@type\":\"ListItem\",\"position\":2,\"name\":\"Kontakt\"}]},{\"@type\":\"WebSite\",\"@id\":\"https:\/\/www.secondcuts.ch\/#website\",\"url\":\"https:\/\/www.secondcuts.ch\/\",\"name\":\"Second Cuts Switzerland\",\"description\":\"Lass dich \u00fcberraschen\",\"publisher\":{\"@id\":\"https:\/\/www.secondcuts.ch\/#organization\"},\"potentialAction\":[{\"@type\":\"SearchAction\",\"target\":{\"@type\":\"EntryPoint\",\"urlTemplate\":\"https:\/\/www.secondcuts.ch\/?s={search_term_string}\"},\"query-input\":\"required name=search_term_string\"}],\"inLanguage\":\"de-CH\"},{\"@type\":\"Organization\",\"@id\":\"https:\/\/www.secondcuts.ch\/#organization\",\"name\":\"Second Cuts Switzerland\",\"url\":\"https:\/\/www.secondcuts.ch\/\",\"logo\":{\"@type\":\"ImageObject\",\"inLanguage\":\"de-CH\",\"@id\":\"https:\/\/www.secondcuts.ch\/#\/schema\/logo\/image\/\",\"url\":\"https:\/\/www.secondcuts.ch\/wp-content\/uploads\/2020\/03\/cropped-Richard-Enbleme.png\",\"contentUrl\":\"https:\/\/www.secondcuts.ch\/wp-content\/uploads\/2020\/03\/cropped-Richard-Enbleme.png\",\"width\":250,\"height\":250,\"caption\":\"Second Cuts Switzerland\"},\"image\":{\"@id\":\"https:\/\/www.secondcuts.ch\/#\/schema\/logo\/image\/\"}}]}<\/script>\n<!-- \/ Yoast SEO plugin. -->","yoast_head_json":{"title":"Kontakt - Second Cuts Switzerland","robots":{"index":"index","follow":"follow","max-snippet":"max-snippet:-1","max-image-preview":"max-image-preview:large","max-video-preview":"max-video-preview:-1"},"canonical":"https:\/\/www.secondcuts.ch\/?page_id=12","og_locale":"de_DE","og_type":"article","og_title":"Kontakt - Second Cuts Switzerland","og_description":"Es w\u00fcrde mich freuen von Dir zu h\u00f6ren. Am besten \u00fcber den E-Mail-Link.","og_url":"https:\/\/www.secondcuts.ch\/?page_id=12","og_site_name":"Second Cuts Switzerland","article_modified_time":"2020-11-05T09:25:22+00:00","twitter_card":"summary_large_image","schema":{"@context":"https:\/\/schema.org","@graph":[{"@type":"WebPage","@id":"https:\/\/www.secondcuts.ch\/?page_id=12","url":"https:\/\/www.secondcuts.ch\/?page_id=12","name":"Kontakt - Second Cuts Switzerland","isPartOf":{"@id":"https:\/\/www.secondcuts.ch\/#website"},"datePublished":"2020-03-04T14:49:10+00:00","dateModified":"2020-11-05T09:25:22+00:00","breadcrumb":{"@id":"https:\/\/www.secondcuts.ch\/?page_id=12#breadcrumb"},"inLanguage":"de-CH","potentialAction":[{"@type":"ReadAction","target":["https:\/\/www.secondcuts.ch\/?page_id=12"]}]},{"@type":"BreadcrumbList","@id":"https:\/\/www.secondcuts.ch\/?page_id=12#breadcrumb","itemListElement":[{"@type":"ListItem","position":1,"name":"Home","item":"https:\/\/www.secondcuts.ch\/"},{"@type":"ListItem","position":2,"name":"Kontakt"}]},{"@type":"WebSite","@id":"https:\/\/www.secondcuts.ch\/#website","url":"https:\/\/www.secondcuts.ch\/","name":"Second Cuts Switzerland","description":"Lass dich \u00fcberraschen","publisher":{"@id":"https:\/\/www.secondcuts.ch\/#organization"},"potentialAction":[{"@type":"SearchAction","target":{"@type":"EntryPoint","urlTemplate":"https:\/\/www.secondcuts.ch\/?s={search_term_string}"},"query-input":"required name=search_term_string"}],"inLanguage":"de-CH"},{"@type":"Organization","@id":"https:\/\/www.secondcuts.ch\/#organization","name":"Second Cuts Switzerland","url":"https:\/\/www.secondcuts.ch\/","logo":{"@type":"ImageObject","inLanguage":"de-CH","@id":"https:\/\/www.secondcuts.ch\/#\/schema\/logo\/image\/","url":"https:\/\/www.secondcuts.ch\/wp-content\/uploads\/2020\/03\/cropped-Richard-Enbleme.png","contentUrl":"https:\/\/www.secondcuts.ch\/wp-content\/uploads\/2020\/03\/cropped-Richard-Enbleme.png","width":250,"height":250,"caption":"Second Cuts Switzerland"},"image":{"@id":"https:\/\/www.secondcuts.ch\/#\/schema\/logo\/image\/"}}]}},"_links":{"self":[{"href":"https:\/\/www.secondcuts.ch\/index.php?rest_route=\/wp\/v2\/pages\/12"}],"collection":[{"href":"https:\/\/www.secondcuts.ch\/index.php?rest_route=\/wp\/v2\/pages"}],"about":[{"href":"https:\/\/www.secondcuts.ch\/index.php?rest_route=\/wp\/v2\/types\/page"}],"author":[{"embeddable":true,"href":"https:\/\/www.secondcuts.ch\/index.php?rest_route=\/wp\/v2\/users\/1"}],"replies":[{"embeddable":true,"href":"https:\/\/www.secondcuts.ch\/index.php?rest_route=%2Fwp%2Fv2%2Fcomments&post=12"}],"version-history":[{"count":2,"href":"https:\/\/www.secondcuts.ch\/index.php?rest_route=\/wp\/v2\/pages\/12\/revisions"}],"predecessor-version":[{"id":75,"href":"https:\/\/www.secondcuts.ch\/index.php?rest_route=\/wp\/v2\/pages\/12\/revisions\/75"}],"wp:attachment":[{"href":"https:\/\/www.secondcuts.ch\/index.php?rest_route=%2Fwp%2Fv2%2Fmedia&parent=12"}],"curies":[{"name":"wp","href":"https:\/\/api.w.org\/{rel}","templated":true}]}}